{"id":2478,"date":"2025-06-11T20:17:43","date_gmt":"2025-06-11T20:17:43","guid":{"rendered":"https:\/\/inclusionmodules.haringcenter.org\/trang-he-thong\/"},"modified":"2025-06-21T20:48:57","modified_gmt":"2025-06-21T20:48:57","slug":"trang-he-thong","status":"publish","type":"page","link":"https:\/\/inclusionmodules.haringcenter.org\/vi\/trang-he-thong","title":{"rendered":"Trang H\u1ec7 th\u1ed1ng"},"content":{"rendered":"<p>Lo\u1ea1t b\u00e0i n\u00e0y cung c\u1ea5p c\u00e1c m\u1eb9o th\u1ef1c t\u1ebf cho c\u00e1c nh\u00e0 l\u00e3nh \u0111\u1ea1o, gi\u00e1m \u0111\u1ed1c v\u00e0 ng\u01b0\u1eddi gi\u00e1m s\u00e1t v\u1ec1 vi\u1ec7c x\u00e2y d\u1ef1ng c\u00e1c h\u1ec7 th\u1ed1ng, c\u1ea5u tr\u00fac v\u00e0 ch\u00ednh s\u00e1ch h\u00f2a nh\u1eadp v\u00e0 c\u00f4ng b\u1eb1ng h\u01a1n trong ch\u01b0\u01a1ng tr\u00ecnh c\u1ee7a h\u1ecd. B\u1ea1n s\u1ebd kh\u00e1m ph\u00e1 \u00fd ngh\u0129a th\u1ef1c s\u1ef1 c\u1ee7a s\u1ef1 h\u00f2a nh\u1eadp d\u1ef1a tr\u00ean c\u00f4ng b\u1eb1ng, c\u00e1ch t\u1ea1o ra m\u1ed9t s\u1ee9 m\u1ec7nh ph\u1ea3n \u00e1nh nh\u1eefng gi\u00e1 tr\u1ecb \u0111\u00f3 v\u00e0 c\u00e1c c\u00e1ch \u0111\u1ec3 thi\u1ebft k\u1ebf c\u00e1c ch\u01b0\u01a1ng tr\u00ecnh v\u00e0 ch\u00ednh s\u00e1ch mang t\u00ednh h\u00f2a nh\u1eadp v\u00e0 c\u00f4ng b\u1eb1ng cho tr\u1ebb em khuy\u1ebft t\u1eadt v\u00e0 gia \u0111\u00ecnh c\u1ee7a h\u1ecd. Th\u00eam v\u00e0o \u0111\u00f3, b\u1ea1n s\u1ebd h\u1ecdc c\u00e1ch h\u01b0\u1edbng d\u1eabn v\u00e0 h\u1ed7 tr\u1ee3 nh\u00f3m c\u1ee7a m\u00ecnh khi h\u1ecd \u00e1p d\u1ee5ng nh\u1eefng th\u1ef1c h\u00e0nh n\u00e0y v\u00e0o th\u1ef1c ti\u1ec5n.<\/p>\n<div class=\"pods-flex-view\">\n<div class=\"pods-flex-item\" onclick=\"window.location.href='https:\/\/inclusionmodules.haringcenter.org\/vi\/?post_type=systems_structures&#038;p=224';\">\n<div class=\"module-content\">\n<p><img decoding=\"async\" src=\"https:\/\/inclusionmodules.haringcenter.org\/wp-content\/uploads\/2024\/09\/Lesson-1.1-Equity-based-inclusion-Thumbnail.png\"\/><\/p>\n<h3>1. H\u00f2a nh\u1eadp: \u00dd ngh\u0129a v\u00e0 t\u1ea7m quan tr\u1ecdng<\/h3>\n<p>Kh\u00e1i ni\u1ec7m &#8220;h\u00f2a nh\u1eadp&#8221; mang nhi\u1ec1u \u00fd ngh\u0129a kh\u00e1c nhau \u0111\u1ed1i v\u1edbi m\u1ed7i ng\u01b0\u1eddi. M\u00f4-\u0111un n\u00e0y x\u00e1c \u0111\u1ecbnh kh\u00e1i ni\u1ec7m h\u00f2a nh\u1eadp, nh\u1ea5n m\u1ea1nh c\u00e1c l\u1ee3i \u00edch m\u00e0 n\u00f3 mang l\u1ea1i v\u00e0 t\u00ecm hi\u1ec3u ph\u01b0\u01a1ng ph\u00e1p x\u00e2y d\u1ef1ng m\u00f4i tr\u01b0\u1eddng h\u1ed7 tr\u1ee3, th\u00e2n thi\u1ec7n cho t\u1ea5t c\u1ea3 m\u1ecdi ng\u01b0\u1eddi.<\/p>\n<\/p>\n<\/div>\n<div><button><a href=\"https:\/\/inclusionmodules.haringcenter.org\/vi\/?post_type=systems_structures&#038;p=224\">Xem M\u00f4-\u0111un<\/a><\/button><\/div>\n<\/div>\n<div class=\"pods-flex-item\" onclick=\"window.location.href='https:\/\/inclusionmodules.haringcenter.org\/vi\/?post_type=systems_structures&#038;p=847';\">\n<div class=\"module-content\">\n<p><img decoding=\"async\" src=\"https:\/\/inclusionmodules.haringcenter.org\/wp-content\/uploads\/2025\/02\/Lesson-1.2-Leading-with-Inclusivity-Thumbnail.png\"\/><\/p>\n<h3>2. L\u00e3nh \u0111\u1ea1o b\u1eb1ng s\u1ef1 h\u00f2a nh\u1eadp: \u0110\u00f3n nh\u1eadn s\u1ef1 \u0111a d\u1ea1ng v\u00e0 nu\u00f4i d\u01b0\u1ee1ng c\u1ea3m gi\u00e1c g\u1eafn b\u00f3<\/h3>\n<p>L\u00e3nh \u0111\u1ea1o h\u00f2a nh\u1eadp l\u00e0 th\u00fac \u0111\u1ea9y m\u1ed9t n\u01a1i l\u00e0m vi\u1ec7c n\u01a1i m\u1ecdi ng\u01b0\u1eddi c\u1ea3m th\u1ea5y \u0111\u01b0\u1ee3c coi tr\u1ecdng, t\u00f4n tr\u1ecdng v\u00e0 \u0111\u01b0\u1ee3c trao quy\u1ec1n \u0111\u1ec3 \u0111\u00f3ng g\u00f3p. M\u00f4-\u0111un n\u00e0y kh\u00e1m ph\u00e1 c\u00e1c kh\u00eda c\u1ea1nh ch\u00ednh c\u1ee7a l\u00e3nh \u0111\u1ea1o h\u00f2a nh\u1eadp &#8211; c\u1ed9ng t\u00e1c, coi tr\u1ecdng s\u1ef1 \u0111a d\u1ea1ng v\u00e0 c\u1ea3i ti\u1ebfn li\u00ean t\u1ee5c.<\/p>\n<\/p>\n<\/div>\n<div><button><a href=\"https:\/\/inclusionmodules.haringcenter.org\/vi\/?post_type=systems_structures&#038;p=847\">Xem M\u00f4-\u0111un<\/a><\/button><\/div>\n<\/div>\n<div class=\"pods-flex-item\" onclick=\"window.location.href='https:\/\/inclusionmodules.haringcenter.org\/vi\/?post_type=systems_structures&#038;p=849';\">\n<div class=\"module-content\">\n<p><img decoding=\"async\" src=\"https:\/\/inclusionmodules.haringcenter.org\/wp-content\/uploads\/2025\/02\/Lesson-1.3-Developing-Programs-and-Policies-Thumbnail.png\"\/><\/p>\n<h3>3. Ph\u00e1t tri\u1ec3n c\u00e1c ch\u00ednh s\u00e1ch v\u00e0 ch\u01b0\u01a1ng tr\u00ecnh h\u00f2a nh\u1eadp v\u00e0 c\u00f4ng b\u1eb1ng<\/h3>\n<p>M\u00f4-\u0111un n\u00e0y s\u1ebd xem x\u00e9t k\u1ef9 h\u01a1n c\u00e1c ch\u01b0\u01a1ng tr\u00ecnh v\u00e0 ch\u00ednh s\u00e1ch hi\u1ec7n t\u1ea1i th\u00f4ng qua l\u0103ng k\u00ednh h\u00f2a nh\u1eadp, d\u1ef1a tr\u00ean c\u00f4ng b\u1eb1ng v\u00e0 \u0111\u01b0a ra c\u00e1c v\u00ed d\u1ee5 v\u1ec1 c\u00e1ch nh\u1eefng ch\u01b0\u01a1ng tr\u00ecnh n\u00e0y c\u00f3 th\u1ec3 h\u00f2a nh\u1eadp v\u00e0 h\u1ed7 tr\u1ee3 ng\u01b0\u1eddi h\u1ecdc khuy\u1ebft t\u1eadt v\u00e0 gia \u0111\u00ecnh c\u1ee7a h\u1ecd.<\/p>\n<\/p>\n<\/div>\n<div><button><a href=\"https:\/\/inclusionmodules.haringcenter.org\/vi\/?post_type=systems_structures&#038;p=849\">Xem M\u00f4-\u0111un<\/a><\/button><\/div>\n<\/div>\n<div class=\"pods-flex-item\" onclick=\"window.location.href='https:\/\/inclusionmodules.haringcenter.org\/vi\/?post_type=systems_structures&#038;p=848';\">\n<div class=\"module-content\">\n<p><img decoding=\"async\" src=\"https:\/\/inclusionmodules.haringcenter.org\/wp-content\/uploads\/2025\/02\/Lesson-1.4-Supervision-and-Support-Thumbnail.png\"\/><\/p>\n<h3>4. Gi\u00e1m s\u00e1t v\u00e0 H\u1ed7 tr\u1ee3: Th\u00fac \u0111\u1ea9y s\u1ef1 h\u00f2a nh\u1eadp trong ch\u01b0\u01a1ng tr\u00ecnh c\u1ee7a b\u1ea1n<\/h3>\n<p>4. \u0110\u1ea3m b\u1ea3o nh\u00e2n vi\u00ean c\u1ea3m th\u1ea5y t\u1ef1 tin v\u00e0 s\u1eb5n s\u00e0ng l\u00e0 ch\u00eca kh\u00f3a \u0111\u1ec3 t\u1ea1o ra m\u1ed9t ch\u01b0\u01a1ng tr\u00ecnh h\u00f2a nh\u1eadp. M\u00f4-\u0111un n\u00e0y kh\u00e1m ph\u00e1 t\u1ea7m quan tr\u1ecdng c\u1ee7a vi\u1ec7c cung c\u1ea5p \u0111\u00e0o t\u1ea1o ban \u0111\u1ea7u, h\u1ed7 tr\u1ee3 li\u00ean t\u1ee5c v\u00e0 ph\u1ea3n h\u1ed3i h\u1ed7 tr\u1ee3 \u0111\u1ec3 gi\u00fap nh\u00e2n vi\u00ean th\u1ef1c hi\u1ec7n th\u00e0nh c\u00f4ng c\u00e1c th\u1ef1c h\u00e0nh h\u00f2a nh\u1eadp.<\/p>\n<\/p>\n<\/div>\n<div><button><a href=\"https:\/\/inclusionmodules.haringcenter.org\/vi\/?post_type=systems_structures&#038;p=848\">Xem M\u00f4-\u0111un<\/a><\/button><\/div>\n<\/div>\n<\/div>\n","protected":false},"excerpt":{"rendered":"<p>Lo\u1ea1t b\u00e0i n\u00e0y cung c\u1ea5p c\u00e1c m\u1eb9o th\u1ef1c t\u1ebf cho c\u00e1c nh\u00e0 l\u00e3nh \u0111\u1ea1o, gi\u00e1m \u0111\u1ed1c v\u00e0 ng\u01b0\u1eddi gi\u00e1m s\u00e1t v\u1ec1 vi\u1ec7c x\u00e2y d\u1ef1ng c\u00e1c h\u1ec7 th\u1ed1ng, c\u1ea5u tr\u00fac v\u00e0 ch\u00ednh s\u00e1ch h\u00f2a nh\u1eadp v\u00e0 c\u00f4ng b\u1eb1ng h\u01a1n trong ch\u01b0\u01a1ng tr\u00ecnh c\u1ee7a h\u1ecd. B\u1ea1n s\u1ebd kh\u00e1m ph\u00e1 \u00fd ngh\u0129a th\u1ef1c s\u1ef1 c\u1ee7a s\u1ef1 h\u00f2a nh\u1eadp d\u1ef1a tr\u00ean c\u00f4ng b\u1eb1ng, c\u00e1ch t\u1ea1o ra m\u1ed9t s\u1ee9 m\u1ec7nh ph\u1ea3n \u00e1nh nh\u1eefng gi\u00e1 tr\u1ecb \u0111\u00f3 v\u00e0 c\u00e1c c\u00e1ch \u0111\u1ec3 thi\u1ebft k\u1ebf c\u00e1c ch\u01b0\u01a1ng tr\u00ecnh&#8230;<\/p>\n<div><a class=\"more-link\" href=\"https:\/\/inclusionmodules.haringcenter.org\/vi\/trang-he-thong\">Continue reading <span class=\"screen-reader-text\">Trang H\u1ec7 th\u1ed1ng<\/span><\/a><\/div>\n","protected":false},"author":2,"featured_media":0,"parent":0,"menu_order":0,"comment_status":"closed","ping_status":"closed","template":"","meta":{"footnotes":""},"class_list":["post-2478","page","type-page","status-publish","hentry"],"_links":{"self":[{"href":"https:\/\/inclusionmodules.haringcenter.org\/vi\/wp-json\/wp\/v2\/pages\/2478","targetHints":{"allow":["GET"]}}],"collection":[{"href":"https:\/\/inclusionmodules.haringcenter.org\/vi\/wp-json\/wp\/v2\/pages"}],"about":[{"href":"https:\/\/inclusionmodules.haringcenter.org\/vi\/wp-json\/wp\/v2\/types\/page"}],"author":[{"embeddable":true,"href":"https:\/\/inclusionmodules.haringcenter.org\/vi\/wp-json\/wp\/v2\/users\/2"}],"replies":[{"embeddable":true,"href":"https:\/\/inclusionmodules.haringcenter.org\/vi\/wp-json\/wp\/v2\/comments?post=2478"}],"version-history":[{"count":2,"href":"https:\/\/inclusionmodules.haringcenter.org\/vi\/wp-json\/wp\/v2\/pages\/2478\/revisions"}],"predecessor-version":[{"id":2527,"href":"https:\/\/inclusionmodules.haringcenter.org\/vi\/wp-json\/wp\/v2\/pages\/2478\/revisions\/2527"}],"wp:attachment":[{"href":"https:\/\/inclusionmodules.haringcenter.org\/vi\/wp-json\/wp\/v2\/media?parent=2478"}],"curies":[{"name":"wp","href":"https:\/\/api.w.org\/{rel}","templated":true}]}}