{"id":2476,"date":"2025-06-11T21:15:39","date_gmt":"2025-06-11T21:15:39","guid":{"rendered":"https:\/\/inclusionmodules.haringcenter.org\/trang-giao-duc-mam-non\/"},"modified":"2025-06-21T20:47:54","modified_gmt":"2025-06-21T20:47:54","slug":"trang-giao-duc-mam-non","status":"publish","type":"page","link":"https:\/\/inclusionmodules.haringcenter.org\/vi\/trang-giao-duc-mam-non","title":{"rendered":"Trang Gi\u00e1o d\u1ee5c m\u1ea7m non"},"content":{"rendered":"<p>C\u00e1c m\u00f4-\u0111un n\u00e0y t\u1eadp trung v\u00e0o c\u00e1c th\u1ef1c h\u00e0nh h\u00f2a nh\u1eadp, c\u00f4ng b\u1eb1ng \u0111\u1ec3 h\u1ed7 tr\u1ee3 tr\u1ebb em t\u1eeb 2-6 tu\u1ed5i trong nhi\u1ec1u m\u00f4i tr\u01b0\u1eddng kh\u00e1c nhau. <\/p>\n<\/p>\n<h2>Th\u1ef1c h\u00e0nh X\u00e2y d\u1ef1ng c\u1ed9ng \u0111\u1ed3ng<\/h2>\n<\/p>\n<p> B\u1ed9 m\u00f4-\u0111un n\u00e0y cung c\u1ea5p h\u01b0\u1edbng d\u1eabn v\u1ec1 c\u00e1ch ch\u00fang ta c\u00f3 th\u1ec3 t\u1ea1o ra m\u00f4i tr\u01b0\u1eddng c\u1ed9ng \u0111\u1ed3ng th\u00e2n thi\u1ec7n, thi\u1ebft l\u1eadp m\u1ed1i quan h\u1ec7 \u0111\u1ed1i t\u00e1c gia \u0111\u00ecnh b\u1ec1n ch\u1eb7t, nu\u00f4i d\u01b0\u1ee1ng c\u1ea3m gi\u00e1c thu\u1ed9c v\u1ec1, th\u1ef1c hi\u1ec7n c\u00e1c th\u1ef1c h\u00e0nh ch\u1ed1ng ph\u00e2n bi\u1ec7t ch\u1ee7ng t\u1ed9c v\u00e0 ch\u1ed1ng \u0111\u1ecbnh ki\u1ebfn, v\u00e0 tham gia v\u00e0o c\u00e1c cu\u1ed9c tr\u00f2 chuy\u1ec7n t\u00edch c\u1ef1c v\u00e0 \u00fd ngh\u0129a v\u1ec1 khuy\u1ebft t\u1eadt. C\u00e1c m\u00f4-\u0111un n\u00e0y nh\u1eb1m trang b\u1ecb cho c\u00e1c c\u00e1 nh\u00e2n v\u00e0 t\u1ed5 ch\u1ee9c nh\u1eefng c\u00f4ng c\u1ee5 \u0111\u1ec3 t\u1ea1o ra kh\u00f4ng gian h\u1ed7 tr\u1ee3, \u0111a d\u1ea1ng v\u00e0 h\u00f2a nh\u1eadp.<\/p>\n<div class=\"pods-flex-view section-content\">\n<div class=\"pods-flex-item\" onclick=\"window.location.href='https:\/\/inclusionmodules.haringcenter.org\/vi\/?post_type=early_learning&#038;p=283';\">\n<div class=\"module-content\">\n<p><img decoding=\"async\" src=\"https:\/\/inclusionmodules.haringcenter.org\/wp-content\/uploads\/2024\/10\/Lesson-2A.1-Building-Inclusive-Thumbnail.001.png\"\/><\/p>\n<h3>1. X\u00e2y d\u1ef1ng c\u00e1c Th\u1ef1c h\u00e0nh C\u1ed9ng \u0111\u1ed3ng H\u00f2a nh\u1eadp<\/h3>\n<p>M\u00f4-\u0111un n\u00e0y kh\u00e1m ph\u00e1 c\u00e1ch x\u00e2y d\u1ef1ng c\u1ed9ng \u0111\u1ed3ng c\u00f3 kh\u1ea3 n\u0103ng th\u00edch \u1ee9ng b\u1eb1ng c\u00e1ch th\u1ea5u hi\u1ec3u \u0111\u1eb7c \u0111i\u1ec3m v\u00e0 \u01b0u ti\u00ean c\u1ee7a c\u00e1c th\u00e0nh vi\u00ean \u0111\u1ec3 t\u1ea1o ra nh\u1eefng t\u1ed5 ch\u1ee9c duy tr\u00ec b\u1ea3n s\u1eafc v\u0103n h\u00f3a.<\/p>\n<\/p>\n<\/div>\n<div><button><a href=\"https:\/\/inclusionmodules.haringcenter.org\/vi\/?post_type=early_learning&#038;p=283\">Xem M\u00f4-\u0111un<\/a><\/button><\/div>\n<\/p>\n<\/div>\n<div class=\"pods-flex-item\" onclick=\"window.location.href='https:\/\/inclusionmodules.haringcenter.org\/vi\/?post_type=early_learning&#038;p=313';\">\n<div class=\"module-content\">\n<p><img decoding=\"async\" src=\"https:\/\/inclusionmodules.haringcenter.org\/wp-content\/uploads\/2024\/10\/Lesson-2A.2-Effective-Family-Partnerships-Thumbnail.001.png\"\/><\/p>\n<h3>2. H\u1ee3p t\u00e1c Hi\u1ec7u qu\u1ea3 v\u1edbi Gia \u0111\u00ecnh<\/h3>\n<p>C\u00e1c m\u1ed1i quan h\u1ec7 l\u00e0 tr\u1ecdng t\u00e2m trong c\u00f4ng vi\u1ec7c c\u1ee7a ch\u00fang ta. M\u00f4-\u0111un n\u00e0y s\u1ebd chia s\u1ebb nh\u1eefng c\u00e1ch th\u1ee9c \u0111\u1ec3 x\u00e2y d\u1ef1ng nh\u1eefng m\u1ed1i quan h\u1ec7 v\u00e0 s\u1ef1 h\u1ee3p t\u00e1c \u00fd ngh\u0129a v\u1edbi c\u00e1c gia \u0111\u00ecnh trong ch\u01b0\u01a1ng tr\u00ecnh c\u1ee7a b\u1ea1n.<\/p>\n<\/p>\n<\/div>\n<div><button><a href=\"https:\/\/inclusionmodules.haringcenter.org\/vi\/?post_type=early_learning&#038;p=313\">Xem M\u00f4-\u0111un<\/a><\/button><\/div>\n<\/p>\n<\/div>\n<div class=\"pods-flex-item\" onclick=\"window.location.href='https:\/\/inclusionmodules.haringcenter.org\/vi\/?post_type=early_learning&#038;p=396';\">\n<div class=\"module-content\">\n<p><img decoding=\"async\" src=\"https:\/\/inclusionmodules.haringcenter.org\/wp-content\/uploads\/2024\/10\/Lesson-2A.3-Fostering-Membership-Thumnbail.001.png\"\/><\/p>\n<h3>3. Nu\u00f4i d\u01b0\u1ee1ng c\u1ea3m gi\u00e1c g\u1eafn b\u00f3 v\u00e0 g\u1eafn k\u1ebft th\u00e0nh vi\u00ean<\/h3>\n<p>Trong c\u00e1c ch\u01b0\u01a1ng tr\u00ecnh th\u1ef1c s\u1ef1 h\u00f2a nh\u1eadp, m\u1ecdi th\u00e0nh vi\u00ean \u0111\u1ec1u n\u00ean c\u1ea3m nh\u1eadn \u0111\u01b0\u1ee3c s\u1ef1 g\u1eafn k\u1ebft. M\u00f4-\u0111un n\u00e0y th\u1ea3o lu\u1eadn v\u1ec1 c\u00e1ch x\u00e2y d\u1ef1ng nh\u1eefng m\u1ed1i quan h\u1ec7 t\u1ed1t \u0111\u1eb9p v\u1edbi t\u1ea5t c\u1ea3 tr\u1ebb em v\u00e0 gia \u0111\u00ecnh c\u1ee7a c\u00e1c em.<\/p>\n<\/p>\n<\/div>\n<div><button><a href=\"https:\/\/inclusionmodules.haringcenter.org\/vi\/?post_type=early_learning&#038;p=396\">Xem M\u00f4-\u0111un<\/a><\/button><\/div>\n<\/p>\n<\/div>\n<div class=\"pods-flex-item\" onclick=\"window.location.href='https:\/\/inclusionmodules.haringcenter.org\/vi\/?post_type=early_learning&#038;p=492';\">\n<div class=\"module-content\">\n<p><img decoding=\"async\" src=\"https:\/\/inclusionmodules.haringcenter.org\/wp-content\/uploads\/2024\/10\/Lesson-2A.4-Supporting-anti-racist-Thumbnail.001.png\"\/><\/p>\n<h3>4. \u1ee6ng h\u1ed9 Th\u1ef1c h\u00e0nh Ch\u1ed1ng ph\u00e2n bi\u1ec7t Ch\u1ee7ng t\u1ed9c v\u00e0 Ch\u1ed1ng th\u00e0nh ki\u1ebfn<\/h3>\n<p>M\u00f4-\u0111un n\u00e0y s\u1ebd n\u00f3i v\u1ec1 th\u00e0nh ki\u1ebfn ng\u1ea7m v\u00e0 \u00fd ngh\u0129a c\u1ee7a n\u00f3 trong kh\u00eda c\u1ea1nh ch\u1ed1ng ph\u00e2n bi\u1ec7t ch\u1ee7ng t\u1ed9c.<\/p>\n<\/p>\n<\/div>\n<div><button><a href=\"https:\/\/inclusionmodules.haringcenter.org\/vi\/?post_type=early_learning&#038;p=492\">Xem M\u00f4-\u0111un<\/a><\/button><\/div>\n<\/p>\n<\/div>\n<div class=\"pods-flex-item\" onclick=\"window.location.href='https:\/\/inclusionmodules.haringcenter.org\/vi\/?post_type=early_learning&#038;p=493';\">\n<div class=\"module-content\">\n<p><img decoding=\"async\" src=\"https:\/\/inclusionmodules.haringcenter.org\/wp-content\/uploads\/2024\/10\/Lesson-2A.5-Strategies-for-talking-about-disabilities-Thumbnail.001.png\"\/><\/p>\n<h3>5. Chi\u1ebfn l\u01b0\u1ee3c n\u00f3i v\u1ec1 Khuy\u1ebft t\u1eadt<\/h3>\n<p>Nhi\u1ec1u ng\u01b0\u1eddi c\u1ea3m th\u1ea5y kh\u00f4ng t\u1ef1 nhi\u00ean khi th\u1ea3o lu\u1eadn v\u1ec1 v\u1ea5n \u0111\u1ec1 khuy\u1ebft t\u1eadt, nh\u01b0ng \u0111\u00e2y l\u00e0 m\u1ed9t ph\u1ea7n kh\u00f4ng th\u1ec3 thi\u1ebfu c\u1ee7a s\u1ef1 h\u00f2a nh\u1eadp. C\u00e1c ch\u01b0\u01a1ng tr\u00ecnh n\u00ean \u0111\u1ec1 c\u1eadp \u0111\u1ebfn khuy\u1ebft t\u1eadt m\u1ed9t c\u00e1ch c\u1edfi m\u1edf, t\u01b0\u01a1ng t\u1ef1 nh\u01b0 c\u00e1ch ch\u00fang ta n\u00f3i v\u1ec1 c\u00e1c kh\u00eda c\u1ea1nh kh\u00e1c c\u1ee7a b\u1ea3n s\u1eafc. M\u00f4-\u0111un n\u00e0y cung c\u1ea5p nh\u1eefng c\u00e1ch th\u1ef1c t\u1ebf \u0111\u1ec3 l\u00e0m \u0111i\u1ec1u \u0111\u00f3.<\/p>\n<\/p>\n<\/div>\n<div><button><a href=\"https:\/\/inclusionmodules.haringcenter.org\/vi\/?post_type=early_learning&#038;p=493\">Xem M\u00f4-\u0111un<\/a><\/button><\/div>\n<\/p>\n<\/div>\n<\/div>\n<h2>Th\u1ef1c h\u00e0nh t\u1eadp trung v\u00e0o h\u1ecdc vi\u00ean<\/h2>\n<\/p>\n<p> B\u1ed9 m\u00f4-\u0111un n\u00e0y cung c\u1ea5p h\u01b0\u1edbng d\u1eabn v\u1ec1 c\u00e1ch ch\u00fang ta c\u00f3 th\u1ec3 t\u1ea1o ra m\u00f4i tr\u01b0\u1eddng c\u1ed9ng \u0111\u1ed3ng th\u00e2n thi\u1ec7n, thi\u1ebft l\u1eadp m\u1ed1i quan h\u1ec7 \u0111\u1ed1i t\u00e1c gia \u0111\u00ecnh b\u1ec1n ch\u1eb7t, nu\u00f4i d\u01b0\u1ee1ng c\u1ea3m gi\u00e1c thu\u1ed9c v\u1ec1, th\u1ef1c hi\u1ec7n c\u00e1c th\u1ef1c h\u00e0nh ch\u1ed1ng ph\u00e2n bi\u1ec7t ch\u1ee7ng t\u1ed9c v\u00e0 ch\u1ed1ng \u0111\u1ecbnh ki\u1ebfn, v\u00e0 tham gia v\u00e0o c\u00e1c cu\u1ed9c tr\u00f2 chuy\u1ec7n t\u00edch c\u1ef1c v\u00e0 \u00fd ngh\u0129a v\u1ec1 khuy\u1ebft t\u1eadt. C\u00e1c m\u00f4-\u0111un n\u00e0y nh\u1eb1m trang b\u1ecb cho c\u00e1c c\u00e1 nh\u00e2n v\u00e0 t\u1ed5 ch\u1ee9c nh\u1eefng c\u00f4ng c\u1ee5 \u0111\u1ec3 t\u1ea1o ra kh\u00f4ng gian h\u1ed7 tr\u1ee3, \u0111a d\u1ea1ng v\u00e0 h\u00f2a nh\u1eadp.<\/p>\n<div class=\"pods-flex-view section-content\">\n<div class=\"pods-flex-item\" onclick=\"window.location.href='https:\/\/inclusionmodules.haringcenter.org\/vi\/?post_type=early_learning&#038;p=293';\">\n<div class=\"module-content\">\n<p><img decoding=\"async\" src=\"https:\/\/inclusionmodules.haringcenter.org\/wp-content\/uploads\/2024\/09\/Lesson-1.1-Equity-based-inclusion-Thumbnail.png\"\/><\/p>\n<h3>1. H\u00f2a nh\u1eadp: \u00dd ngh\u0129a v\u00e0 t\u1ea7m quan tr\u1ecdng<\/h3>\n<p>Kh\u00e1i ni\u1ec7m &#8220;h\u00f2a nh\u1eadp&#8221; mang nhi\u1ec1u \u00fd ngh\u0129a kh\u00e1c nhau \u0111\u1ed1i v\u1edbi m\u1ed7i ng\u01b0\u1eddi. M\u00f4-\u0111un n\u00e0y x\u00e1c \u0111\u1ecbnh kh\u00e1i ni\u1ec7m h\u00f2a nh\u1eadp, nh\u1ea5n m\u1ea1nh c\u00e1c l\u1ee3i \u00edch m\u00e0 n\u00f3 mang l\u1ea1i v\u00e0 t\u00ecm hi\u1ec3u ph\u01b0\u01a1ng ph\u00e1p x\u00e2y d\u1ef1ng m\u00f4i tr\u01b0\u1eddng h\u1ed7 tr\u1ee3, th\u00e2n thi\u1ec7n cho t\u1ea5t c\u1ea3 m\u1ecdi ng\u01b0\u1eddi.<\/p>\n<\/p>\n<\/div>\n<div><button><a href=\"https:\/\/inclusionmodules.haringcenter.org\/vi\/?post_type=early_learning&#038;p=293\">Xem M\u00f4-\u0111un<\/a><\/button><\/div>\n<\/p>\n<\/div>\n<div class=\"pods-flex-item\" onclick=\"window.location.href='https:\/\/inclusionmodules.haringcenter.org\/vi\/?post_type=early_learning&#038;p=299';\">\n<div class=\"module-content\">\n<p><img decoding=\"async\" src=\"https:\/\/inclusionmodules.haringcenter.org\/wp-content\/uploads\/2024\/10\/Lesson-2B.2-Creating-high-quality-environments-Thumbnail.001.png\"\/><\/p>\n<h3>2. T\u1ea1o m\u00f4i tr\u01b0\u1eddng ch\u1ea5t l\u01b0\u1ee3ng cao b\u1eb1ng UDL<\/h3>\n<p>M\u00f4-\u0111un n\u00e0y kh\u00e1m ph\u00e1 c\u00e1ch Thi\u1ebft k\u1ebf Ph\u1ed5 qu\u00e1t cho H\u1ecdc t\u1eadp (UDL) gi\u00fap t\u1ea1o ra c\u00e1c kh\u00f4ng gian v\u00e0 ho\u1ea1t \u0111\u1ed9ng h\u00f2a nh\u1eadp. Thi\u1ebft k\u1ebf d\u1ef1a tr\u00ean UDL gi\u00fap gi\u1ea3m nhu c\u1ea7u h\u1ed7 tr\u1ee3 b\u1ed5 sung, gi\u00fap t\u1ea5t c\u1ea3 tr\u1ebb d\u1ec5 d\u00e0ng tham gia h\u01a1n.<\/p>\n<\/p>\n<\/div>\n<div><button><a href=\"https:\/\/inclusionmodules.haringcenter.org\/vi\/?post_type=early_learning&#038;p=299\">Xem M\u00f4-\u0111un<\/a><\/button><\/div>\n<\/p>\n<\/div>\n<div class=\"pods-flex-item\" onclick=\"window.location.href='https:\/\/inclusionmodules.haringcenter.org\/vi\/?post_type=early_learning&#038;p=506';\">\n<div class=\"module-content\">\n<p><img decoding=\"async\" src=\"https:\/\/inclusionmodules.haringcenter.org\/wp-content\/uploads\/2024\/11\/Lesson-2B.3-Supporting-commnication-Thumbnail.001.png\"\/><\/p>\n<h3>3. H\u1ed7 tr\u1ee3 giao ti\u1ebfp cho t\u1ea5t c\u1ea3 h\u1ecdc vi\u00ean<\/h3>\n<p>Tr\u1ebb khuy\u1ebft t\u1eadt giao ti\u1ebfp theo nhi\u1ec1u c\u00e1ch kh\u00e1c nhau. M\u00f4-\u0111un n\u00e0y bao g\u1ed3m nhi\u1ec1u ph\u01b0\u01a1ng ph\u00e1p kh\u00e1c nhau m\u00e0 ch\u00fang ta c\u00f3 th\u1ec3 ch\u1ee7 \u0111\u1ed9ng s\u1eed d\u1ee5ng \u0111\u1ec3 gi\u00fap t\u1ea5t c\u1ea3 tr\u1ebb di\u1ec5n \u0111\u1ea1t mong mu\u1ed1n, nhu c\u1ea7u, \u00fd t\u01b0\u1edfng v\u00e0 nhi\u1ec1u \u0111i\u1ec1u kh\u00e1c n\u1eefa.<\/p>\n<\/p>\n<\/div>\n<div><button><a href=\"https:\/\/inclusionmodules.haringcenter.org\/vi\/?post_type=early_learning&#038;p=506\">Xem M\u00f4-\u0111un<\/a><\/button><\/div>\n<\/p>\n<\/div>\n<div class=\"pods-flex-item\" onclick=\"window.location.href='https:\/\/inclusionmodules.haringcenter.org\/vi\/?post_type=early_learning&#038;p=507';\">\n<div class=\"module-content\">\n<p><img decoding=\"async\" src=\"https:\/\/inclusionmodules.haringcenter.org\/wp-content\/uploads\/2024\/11\/Lesson-2B.4-Teaching-routines-and-expectations-Thumbnail.001.png\"\/><\/p>\n<h3>4. Nu\u00f4i d\u01b0\u1ee1ng th\u00e0nh c\u00f4ng cho tr\u1ebb:  Th\u00f3i quen gi\u1ea3ng d\u1ea1y v\u00e0 k\u1ef3 v\u1ecdng<\/h3>\n<p>\u0110\u1ec3 gi\u00fap tr\u1ebb tham gia m\u1ed9t c\u00e1ch tr\u1ecdn v\u1eb9n, \u0111i\u1ec1u quan tr\u1ecdng l\u00e0 ph\u1ea3i ch\u1ee7 \u0111\u1ed9ng d\u1ea1y c\u00e1c th\u00f3i quen v\u00e0 k\u1ef3 v\u1ecdng. Khi tr\u1ebb bi\u1ebft \u0111i\u1ec1u g\u00ec s\u1ebd x\u1ea3y ra, ch\u00fang c\u1ea3m th\u1ea5y tho\u1ea3i m\u00e1i v\u00e0 t\u1ef1 tin h\u01a1n. M\u00f4-\u0111un n\u00e0y cung c\u1ea5p c\u00e1c chi\u1ebfn l\u01b0\u1ee3c \u0111\u1ec3 gi\u00fap c\u00e1c em th\u00e0nh c\u00f4ng.<\/p>\n<\/p>\n<\/div>\n<div><button><a href=\"https:\/\/inclusionmodules.haringcenter.org\/vi\/?post_type=early_learning&#038;p=507\">Xem M\u00f4-\u0111un<\/a><\/button><\/div>\n<\/p>\n<\/div>\n<div class=\"pods-flex-item\" onclick=\"window.location.href='https:\/\/inclusionmodules.haringcenter.org\/vi\/?post_type=early_learning&#038;p=508';\">\n<div class=\"module-content\">\n<p><img decoding=\"async\" src=\"https:\/\/inclusionmodules.haringcenter.org\/wp-content\/uploads\/2025\/02\/Lesson-2B.5-Visual-supports-Thumbnail.001.png\"\/><\/p>\n<h3>5. Vi\u1ec7c s\u1eed d\u1ee5ng h\u1ed7 tr\u1ee3 tr\u1ef1c quan<\/h3>\n<p>H\u1ed7 tr\u1ee3 tr\u1ef1c quan l\u00e0 m\u1ed9t c\u00e1ch \u0111\u01a1n gi\u1ea3n v\u00e0 hi\u1ec7u qu\u1ea3 \u0111\u1ec3 gi\u00fap m\u1ecdi ng\u01b0\u1eddi hi\u1ec3u r\u00f5 nh\u1eefng k\u1ef3 v\u1ecdng, giao ti\u1ebfp nhu c\u1ea7u, l\u00e0m r\u00f5 th\u00f4ng tin v\u00e0 t\u0103ng c\u01b0\u1eddng s\u1ef1 tham gia. Trong m\u00f4-\u0111un n\u00e0y, ch\u00fang ta s\u1ebd xem x\u00e9t c\u00e1ch s\u1eed d\u1ee5ng h\u00ecnh \u1ea3nh tr\u1ef1c quan \u0111\u1ec3 h\u1ed7 tr\u1ee3 c\u1ea3 nh\u00f3m v\u00e0 t\u1eebng h\u1ecdc vi\u00ean.<\/p>\n<\/p>\n<\/div>\n<div><button><a href=\"https:\/\/inclusionmodules.haringcenter.org\/vi\/?post_type=early_learning&#038;p=508\">Xem M\u00f4-\u0111un<\/a><\/button><\/div>\n<\/p>\n<\/div>\n<div class=\"pods-flex-item\" onclick=\"window.location.href='https:\/\/inclusionmodules.haringcenter.org\/vi\/?post_type=early_learning&#038;p=509';\">\n<div class=\"module-content\">\n<p><img decoding=\"async\" src=\"https:\/\/inclusionmodules.haringcenter.org\/wp-content\/uploads\/2024\/11\/Lesson-2B.6a-Modifying-activities-Pt-1-Thumbnail.001.png\"\/><\/p>\n<h3>6. \u0110i\u1ec1u ch\u1ec9nh ho\u1ea1t \u0111\u1ed9ng \u0111\u1ec3 h\u1ed7 tr\u1ee3 s\u1ef1 tham gia t\u00edch c\u1ef1c Ph\u1ea7n 1<\/h3>\n<p>\u0110i\u1ec1u ch\u1ec9nh l\u00e0 c\u00e1c thay \u0111\u1ed5i nh\u1ecf, \u0111\u01a1n gi\u1ea3n m\u00e0 ch\u00fang ta c\u00f3 th\u1ec3 \u00e1p d\u1ee5ng cho m\u00f4i tr\u01b0\u1eddng, h\u1ecdc li\u1ec7u v\u00e0 c\u00e1c ho\u1ea1t \u0111\u1ed9ng, v\u00e0 ch\u00fang l\u00e0 m\u1ed9t ph\u01b0\u01a1ng ph\u00e1p h\u1eefu hi\u1ec7u \u0111\u1ec3 th\u00fac \u0111\u1ea9y s\u1ef1 tham gia! M\u00f4-\u0111un n\u00e0y s\u1ebd h\u01b0\u1edbng d\u1eabn b\u1ea1n c\u00e1ch t\u1eadn d\u1ee5ng nh\u1eefng \u0111i\u1ec1u ch\u1ec9nh n\u00e0y \u0111\u1ec3 h\u1ed7 tr\u1ee3 c\u00e1c em h\u1ecdc vi\u00ean trong ch\u01b0\u01a1ng tr\u00ecnh.<\/p>\n<\/p>\n<\/div>\n<div><button><a href=\"https:\/\/inclusionmodules.haringcenter.org\/vi\/?post_type=early_learning&#038;p=509\">Xem M\u00f4-\u0111un<\/a><\/button><\/div>\n<\/p>\n<\/div>\n<div class=\"pods-flex-item\" onclick=\"window.location.href='https:\/\/inclusionmodules.haringcenter.org\/vi\/?post_type=early_learning&#038;p=510';\">\n<div class=\"module-content\">\n<p><img decoding=\"async\" src=\"https:\/\/inclusionmodules.haringcenter.org\/wp-content\/uploads\/2024\/11\/Lesson-2B.6b-Modifying-activities-Pt-2-Thumbnail.001.png\"\/><\/p>\n<h3>7. \u0110i\u1ec1u ch\u1ec9nh ho\u1ea1t \u0111\u1ed9ng \u0111\u1ec3 h\u1ed7 tr\u1ee3 s\u1ef1 tham gia t\u00edch c\u1ef1c Ph\u1ea7n 2<\/h3>\n<p>M\u00f4-\u0111un n\u00e0y cung c\u1ea5p c\u00e1c c\u00f4ng c\u1ee5 gi\u00fap x\u00e1c \u0111\u1ecbnh nh\u1eefng tr\u1ebb em n\u00e0o trong ch\u01b0\u01a1ng tr\u00ecnh c\u1ee7a b\u1ea1n c\u00f3 th\u1ec3 h\u01b0\u1edfng l\u1ee3i t\u1eeb vi\u1ec7c \u0111i\u1ec1u ch\u1ec9nh, c\u00f9ng v\u1edbi c\u00e1c m\u1eb9o \u0111\u1ec3 th\u1ea3o lu\u1eadn v\u1ec1 vi\u1ec7c \u0111i\u1ec1u ch\u1ec9nh v\u1edbi m\u1ed9t nh\u00f3m h\u1ecdc vi\u00ean.<\/p>\n<\/p>\n<\/div>\n<div><button><a href=\"https:\/\/inclusionmodules.haringcenter.org\/vi\/?post_type=early_learning&#038;p=510\">Xem M\u00f4-\u0111un<\/a><\/button><\/div>\n<\/p>\n<\/div>\n<div class=\"pods-flex-item\" onclick=\"window.location.href='https:\/\/inclusionmodules.haringcenter.org\/vi\/?post_type=early_learning&#038;p=511';\">\n<div class=\"module-content\">\n<p><img decoding=\"async\" src=\"https:\/\/inclusionmodules.haringcenter.org\/wp-content\/uploads\/2024\/11\/Lesson-2B.7-Behavior-is-communication-Thumbnail.001.png\"\/><\/p>\n<h3>8. H\u00e0nh vi l\u00e0 Giao ti\u1ebfp<\/h3>\n<p>C\u00f3 th\u1ec3 c\u0103ng th\u1eb3ng khi tr\u1ebb c\u00f3 nh\u1eefng h\u00e0nh vi th\u00e1ch th\u1ee9c, nh\u01b0ng \u0111i\u1ec1u quan tr\u1ecdng c\u1ea7n nh\u1edb l\u00e0 m\u1ecdi h\u00e0nh vi \u0111\u1ec1u ph\u1ea3n \u00e1nh m\u1ed9t nhu c\u1ea7u ch\u01b0a \u0111\u01b0\u1ee3c \u0111\u00e1p \u1ee9ng v\u00e0 l\u00e0 m\u1ed9t c\u00e1ch giao ti\u1ebfp. M\u00f4-\u0111un n\u00e0y th\u1ea3o lu\u1eadn c\u00e1c c\u00e1ch \u0111\u1ec3 hi\u1ec3u v\u00e0 h\u1ed7 tr\u1ee3 nh\u1eefng h\u00e0nh vi n\u00e0y.<\/p>\n<\/p>\n<\/div>\n<div><button><a href=\"https:\/\/inclusionmodules.haringcenter.org\/vi\/?post_type=early_learning&#038;p=511\">Xem M\u00f4-\u0111un<\/a><\/button><\/div>\n<\/p>\n<\/div>\n<div class=\"pods-flex-item\" onclick=\"window.location.href='https:\/\/inclusionmodules.haringcenter.org\/vi\/?post_type=early_learning&#038;p=512';\">\n<div class=\"module-content\">\n<p><img decoding=\"async\" src=\"https:\/\/inclusionmodules.haringcenter.org\/wp-content\/uploads\/2024\/11\/Lesson-2B.8-Equity-based-and-inclusive-support-Thumbnail.001.png\"\/><\/p>\n<h3>9. H\u1ed7 tr\u1ee3 D\u00e0nh ri\u00eang cho H\u1ecdc vi\u00ean<\/h3>\n<p>Ngay c\u1ea3 khi c\u00f3 s\u1eeda \u0111\u1ed5i v\u00e0 h\u1ed7 tr\u1ee3, m\u1ed9t s\u1ed1 tr\u1ebb v\u1eabn s\u1ebd c\u1ea7n tr\u1ee3 gi\u00fap c\u00e1 nh\u00e2n. M\u00f4-\u0111un n\u00e0y tr\u00ecnh b\u00e0y c\u00e1ch ch\u00fang ta c\u00f3 th\u1ec3 h\u1ed7 tr\u1ee3 th\u00eam cho nh\u1eefng h\u1ecdc vi\u00ean \u0111\u00f3.<\/p>\n<\/p>\n<\/div>\n<div><button><a href=\"https:\/\/inclusionmodules.haringcenter.org\/vi\/?post_type=early_learning&#038;p=512\">Xem M\u00f4-\u0111un<\/a><\/button><\/div>\n<\/p>\n<\/div>\n<div class=\"pods-flex-item\" onclick=\"window.location.href='https:\/\/inclusionmodules.haringcenter.org\/vi\/?post_type=early_learning&#038;p=513';\">\n<div class=\"module-content\">\n<p><img decoding=\"async\" src=\"https:\/\/inclusionmodules.haringcenter.org\/wp-content\/uploads\/2024\/11\/Lesson-2B.9-Promoting-independence-Thumbnail.001.png\"\/><\/p>\n<h3>10. X\u00e2y d\u1ef1ng s\u1ef1 \u0111\u1ed9c l\u1eadp cho t\u1ea5t c\u1ea3 h\u1ecdc vi\u00ean trong m\u00f4i tr\u01b0\u1eddng h\u00f2a nh\u1eadp<\/h3>\n<p>Ch\u00fang ta n\u00ean lu\u00f4n suy ngh\u0129 v\u1ec1 c\u00e1ch gi\u00fap h\u1ecdc vi\u00ean t\u1ef1 l\u00e0m m\u1ecdi vi\u1ec7c. M\u00f4-\u0111un n\u00e0y n\u00f3i v\u1ec1 t\u1ea7m quan tr\u1ecdng c\u1ee7a vi\u1ec7c \u0111\u1ec3 c\u00e1c em \u0111\u1ed9c l\u1eadp c\u00e0ng nhi\u1ec1u c\u00e0ng t\u1ed1t v\u00e0 chia s\u1ebb c\u00e1c m\u1eb9o v\u1ec1 c\u00e1ch ch\u00fang ta c\u00f3 th\u1ec3 t\u1eeb t\u1eeb gi\u1ea3m b\u1edbt s\u1ef1 h\u1ed7 tr\u1ee3 c\u1ee7a m\u00ecnh.<\/p>\n<\/p>\n<\/div>\n<div><button><a href=\"https:\/\/inclusionmodules.haringcenter.org\/vi\/?post_type=early_learning&#038;p=513\">Xem M\u00f4-\u0111un<\/a><\/button><\/div>\n<\/p>\n<\/div>\n<div class=\"pods-flex-item\" onclick=\"window.location.href='https:\/\/inclusionmodules.haringcenter.org\/vi\/?post_type=early_learning&#038;p=514';\">\n<div class=\"module-content\">\n<p><img decoding=\"async\" src=\"https:\/\/inclusionmodules.haringcenter.org\/wp-content\/uploads\/2024\/11\/Lesson-2B.10-Teaching-and-collaboration-Thumbnail.001.png\"\/><\/p>\n<h3>11. Tinh th\u1ea7n \u0111\u1ed3ng \u0111\u1ed9i v\u00e0 s\u1ef1 h\u1ee3p t\u00e1c trong m\u00f4i tr\u01b0\u1eddng h\u00f2a nh\u1eadp<\/h3>\n<p>C\u00e1c m\u00f4i tr\u01b0\u1eddng h\u00f2a nh\u1eadp c\u1ea7n d\u1ef1a tr\u00ean ki\u1ebfn th\u1ee9c chuy\u00ean m\u00f4n v\u00e0 s\u1ef1 ph\u1ed1i h\u1ee3p c\u1ee7a nhi\u1ec1u c\u00e1 nh\u00e2n kh\u00e1c nhau. M\u00f4-\u0111un n\u00e0y s\u1ebd tr\u00ecnh b\u00e0y nh\u1eefng ph\u01b0\u01a1ng ph\u00e1p gi\u00fap c\u00e1c nh\u00f3m l\u00e0m vi\u1ec7c c\u00f9ng nhau m\u1ed9t c\u00e1ch hi\u1ec7u qu\u1ea3 v\u00e0 n\u0103ng su\u1ea5t, ngay c\u1ea3 khi th\u1eddi gian eo h\u1eb9p.<\/p>\n<\/p>\n<\/div>\n<div><button><a href=\"https:\/\/inclusionmodules.haringcenter.org\/vi\/?post_type=early_learning&#038;p=514\">Xem M\u00f4-\u0111un<\/a><\/button><\/div>\n<\/p>\n<\/div>\n<\/div>\n","protected":false},"excerpt":{"rendered":"<p>C\u00e1c m\u00f4-\u0111un n\u00e0y t\u1eadp trung v\u00e0o c\u00e1c th\u1ef1c h\u00e0nh h\u00f2a nh\u1eadp, c\u00f4ng b\u1eb1ng \u0111\u1ec3 h\u1ed7 tr\u1ee3 tr\u1ebb em t\u1eeb 2-6 tu\u1ed5i trong nhi\u1ec1u m\u00f4i tr\u01b0\u1eddng kh\u00e1c nhau. Th\u1ef1c h\u00e0nh X\u00e2y d\u1ef1ng c\u1ed9ng \u0111\u1ed3ng B\u1ed9 m\u00f4-\u0111un n\u00e0y cung c\u1ea5p h\u01b0\u1edbng d\u1eabn v\u1ec1 c\u00e1ch ch\u00fang ta c\u00f3 th\u1ec3 t\u1ea1o ra m\u00f4i tr\u01b0\u1eddng c\u1ed9ng \u0111\u1ed3ng th\u00e2n thi\u1ec7n, thi\u1ebft l\u1eadp m\u1ed1i quan h\u1ec7 \u0111\u1ed1i t\u00e1c gia \u0111\u00ecnh b\u1ec1n ch\u1eb7t, nu\u00f4i d\u01b0\u1ee1ng c\u1ea3m gi\u00e1c thu\u1ed9c v\u1ec1, th\u1ef1c hi\u1ec7n c\u00e1c th\u1ef1c h\u00e0nh ch\u1ed1ng ph\u00e2n bi\u1ec7t ch\u1ee7ng&#8230;<\/p>\n<div><a class=\"more-link\" href=\"https:\/\/inclusionmodules.haringcenter.org\/vi\/trang-giao-duc-mam-non\">Continue reading <span class=\"screen-reader-text\">Trang Gi\u00e1o d\u1ee5c m\u1ea7m non<\/span><\/a><\/div>\n","protected":false},"author":2,"featured_media":0,"parent":0,"menu_order":0,"comment_status":"closed","ping_status":"closed","template":"","meta":{"footnotes":""},"class_list":["post-2476","page","type-page","status-publish","hentry"],"_links":{"self":[{"href":"https:\/\/inclusionmodules.haringcenter.org\/vi\/wp-json\/wp\/v2\/pages\/2476","targetHints":{"allow":["GET"]}}],"collection":[{"href":"https:\/\/inclusionmodules.haringcenter.org\/vi\/wp-json\/wp\/v2\/pages"}],"about":[{"href":"https:\/\/inclusionmodules.haringcenter.org\/vi\/wp-json\/wp\/v2\/types\/page"}],"author":[{"embeddable":true,"href":"https:\/\/inclusionmodules.haringcenter.org\/vi\/wp-json\/wp\/v2\/users\/2"}],"replies":[{"embeddable":true,"href":"https:\/\/inclusionmodules.haringcenter.org\/vi\/wp-json\/wp\/v2\/comments?post=2476"}],"version-history":[{"count":2,"href":"https:\/\/inclusionmodules.haringcenter.org\/vi\/wp-json\/wp\/v2\/pages\/2476\/revisions"}],"predecessor-version":[{"id":2526,"href":"https:\/\/inclusionmodules.haringcenter.org\/vi\/wp-json\/wp\/v2\/pages\/2476\/revisions\/2526"}],"wp:attachment":[{"href":"https:\/\/inclusionmodules.haringcenter.org\/vi\/wp-json\/wp\/v2\/media?parent=2476"}],"curies":[{"name":"wp","href":"https:\/\/api.w.org\/{rel}","templated":true}]}}