{"id":2470,"date":"2025-06-11T00:00:02","date_gmt":"2025-06-11T00:00:02","guid":{"rendered":"https:\/\/inclusionmodules.haringcenter.org\/chao-mung-den-oviws-mo-dun-hoa-nhap-cua-haring-center\/"},"modified":"2025-08-11T21:40:26","modified_gmt":"2025-08-11T21:40:26","slug":"chao-mung-den-oviws-mo-dun-hoa-nhap-cua-haring-center","status":"publish","type":"page","link":"https:\/\/inclusionmodules.haringcenter.org\/vi","title":{"rendered":"Ch\u00e0o m\u1eebng \u0111\u1ebfn oviws M\u00f4-\u0111un H\u00f2a nh\u1eadp c\u1ee7a Haring Center"},"content":{"rendered":"<p>Cho d\u00f9 b\u1ea1n l\u00e0m vi\u1ec7c t\u1ea1i m\u1ed9t tr\u1ea1i h\u00e8, th\u01b0 vi\u1ec7n, ch\u01b0\u01a1ng tr\u00ecnh sau gi\u1edd h\u1ecdc, ch\u01b0\u01a1ng tr\u00ecnh th\u1ec3 thao, trung t\u00e2m c\u1ed9ng \u0111\u1ed3ng, tr\u01b0\u1eddng h\u1ecdc hay b\u1ea5t k\u1ef3 t\u1ed5 ch\u1ee9c n\u00e0o kh\u00e1c cung c\u1ea5p d\u1ecbch v\u1ee5 cho tr\u1ebb em t\u1eeb 2 \u0111\u1ebfn 20 tu\u1ed5i, c\u00e1c m\u00f4-\u0111un n\u00e0y s\u1ebd gi\u00fap b\u1ea1n m\u1edf r\u1ed9ng kh\u1ea3 n\u0103ng ti\u1ebfp c\u1eadn cho nh\u1eefng c\u00e1 nh\u00e2n khuy\u1ebft t\u1eadt trong ch\u01b0\u01a1ng tr\u00ecnh c\u1ee7a m\u00ecnh. Ngu\u1ed3n t\u00e0i tr\u1ee3 cho d\u1ef1 \u00e1n n\u00e0y \u0111\u01b0\u1ee3c cung c\u1ea5p b\u1edfi <a href=\"https:\/\/www.ddc.wa.gov\/dd-council-activities\/dan-thompson-advisory-committee\" data-type=\"link\" data-id=\"https:\/\/www.ddc.wa.gov\/dd-council-activities\/dan-thompson-advisory-committee\">Qu\u1ef9 T\u01b0\u1edfng ni\u1ec7m Dan Thompson th\u00f4ng qua C\u01a1 quan Qu\u1ea3n l\u00fd Khuy\u1ebft t\u1eadt Ph\u00e1t tri\u1ec3n (DDA<\/a>).<\/p>\n<p>C\u00e1c m\u00f4-\u0111un n\u00e0y \u0111\u01b0\u1ee3c t\u1ed5 ch\u1ee9c th\u00e0nh b\u1ed1n danh m\u1ee5c: H\u1ec7 th\u1ed1ng &amp; C\u1ea5u tr\u00fac, Gi\u00e1o d\u1ee5c M\u1ea7m non, Ti\u1ec3u h\u1ecdc v\u00e0 Trung h\u1ecdc. Nh\u1ea5p v\u00e0o c\u00e1c \u00f4 b\u00ean d\u01b0\u1edbi \u0111\u1ec3 truy c\u1eadp n\u1ed9i dung cho t\u1eebng m\u00f4-\u0111un.<\/p>\n<div class=\"info-card-container\">\n<div class=\"info-card-card\">\n        <img decoding=\"async\" src=\"https:\/\/inclusionmodules.haringcenter.org\/wp-content\/uploads\/2025\/03\/systems-thumbnail-scaled.jpg\" alt=\"H\u00ecnh \u1ea3nh th\u1ebb\"\/><\/p>\n<h2>H\u1ec7 th\u1ed1ng v\u00e0 C\u1ea5u tr\u00fac<\/h2>\n<p> B\u1ed9 m\u00f4-\u0111un n\u00e0y cung c\u1ea5p h\u01b0\u1edbng d\u1eabn v\u1ec1 c\u00e1ch c\u00e1c nh\u00e0 l\u00e3nh \u0111\u1ea1o, gi\u00e1m \u0111\u1ed1c ho\u1eb7c ng\u01b0\u1eddi gi\u00e1m s\u00e1t c\u00f3 th\u1ec3 ph\u00e1t tri\u1ec3n c\u00e1c h\u1ec7 th\u1ed1ng, c\u1ea5u tr\u00fac v\u00e0 ch\u00ednh s\u00e1ch h\u00f2a nh\u1eadp v\u00e0 c\u00f4ng b\u1eb1ng.\n        <\/p>\n<p class=\"info-card-button\">\n    <a href=\"https:\/\/inclusionmodules.haringcenter.org\/vi\/trang-he-thong\">Kh\u00e1m ph\u00e1 c\u00e1c M\u00f4-\u0111un H\u1ec7 th\u1ed1ng v\u00e0 C\u1ea5u tr\u00fac<\/a>\n<\/p>\n<\/p>\n<\/div>\n<div class=\"info-card-card\">\n        <img decoding=\"async\" src=\"https:\/\/inclusionmodules.haringcenter.org\/wp-content\/uploads\/2025\/03\/early-learning-thumbnail.jpg\" alt=\"H\u00ecnh \u1ea3nh th\u1ebb\"\/><\/p>\n<h2>Gi\u00e1o d\u1ee5c m\u1ea7m non<\/h2>\n<p>\n B\u1ed9 m\u00f4-\u0111un n\u00e0y t\u1eadp trung v\u00e0o c\u00e1c th\u1ef1c h\u00e0nh h\u00f2a nh\u1eadp v\u00e0 c\u00f4ng b\u1eb1ng nh\u1eb1m h\u1ed7 tr\u1ee3 tr\u1ebb em t\u1eeb 2-6 tu\u1ed5i trong nhi\u1ec1u m\u00f4i tr\u01b0\u1eddng kh\u00e1c nhau.\n        <\/p>\n<p class=\"info-card-button\">\n            <a href=\"https:\/\/inclusionmodules.haringcenter.org\/vi\/trang-giao-duc-mam-non\">Kh\u00e1m ph\u00e1 M\u00f4-\u0111un Gi\u00e1o d\u1ee5c m\u1ea7m non<\/a>\n        <\/p>\n<\/p>\n<\/div>\n<div class=\"info-card-card\">\n        <img decoding=\"async\" src=\"https:\/\/inclusionmodules.haringcenter.org\/wp-content\/uploads\/2025\/03\/elementary-thumbnail.jpg\" alt=\"H\u00ecnh \u1ea3nh th\u1ebb\"\/><\/p>\n<h2>Ti\u1ec3u h\u1ecdc<\/h2>\n<p>\n B\u1ed9 m\u00f4-\u0111un n\u00e0y t\u1eadp trung v\u00e0o c\u00e1c th\u1ef1c h\u00e0nh h\u00f2a nh\u1eadp v\u00e0 c\u00f4ng b\u1eb1ng nh\u1eb1m h\u1ed7 tr\u1ee3 tr\u1ebb em t\u1eeb 6-12 tu\u1ed5i trong nhi\u1ec1u m\u00f4i tr\u01b0\u1eddng kh\u00e1c nhau.\n        <\/p>\n<p class=\"info-card-button\"><a href=\"https:\/\/inclusionmodules.haringcenter.org\/vi\/trang-tieu-hoc\">Kh\u00e1m ph\u00e1 c\u00e1c M\u00f4-\u0111un Ti\u1ec3u h\u1ecdc<\/a><\/p>\n<\/p>\n<\/div>\n<div class=\"info-card-card\">\n        <img decoding=\"async\" src=\"https:\/\/inclusionmodules.haringcenter.org\/wp-content\/uploads\/2025\/03\/secondary-thumbnail.jpg\" alt=\"H\u00ecnh \u1ea3nh th\u1ebb\"\/><\/p>\n<h2>Trung h\u1ecdc<\/h2>\n<p>B\u1ed9 m\u00f4-\u0111un n\u00e0y t\u1eadp trung v\u00e0o c\u00e1c th\u1ef1c h\u00e0nh h\u00f2a nh\u1eadp v\u00e0 c\u00f4ng b\u1eb1ng nh\u1eb1m h\u1ed7 tr\u1ee3 thanh thi\u1ebfu ni\u00ean t\u1eeb 13-20 tu\u1ed5i trong nhi\u1ec1u m\u00f4i tr\u01b0\u1eddng kh\u00e1c nhau.<\/p>\n<p class=\"info-card-button\"><a href=\"https:\/\/inclusionmodules.haringcenter.org\/vi\/trang-phu\">Kh\u00e1m ph\u00e1 c\u00e1c m\u00f4-\u0111un Trung h\u1ecdc<\/a><\/p>\n<\/p>\n<\/div>\n<\/div>\n","protected":false},"excerpt":{"rendered":"<p>Cho d\u00f9 b\u1ea1n l\u00e0m vi\u1ec7c t\u1ea1i m\u1ed9t tr\u1ea1i h\u00e8, th\u01b0 vi\u1ec7n, ch\u01b0\u01a1ng tr\u00ecnh sau gi\u1edd h\u1ecdc, ch\u01b0\u01a1ng tr\u00ecnh th\u1ec3 thao, trung t\u00e2m c\u1ed9ng \u0111\u1ed3ng, tr\u01b0\u1eddng h\u1ecdc hay b\u1ea5t k\u1ef3 t\u1ed5 ch\u1ee9c n\u00e0o kh\u00e1c cung c\u1ea5p d\u1ecbch v\u1ee5 cho tr\u1ebb em t\u1eeb 2 \u0111\u1ebfn 20 tu\u1ed5i, c\u00e1c m\u00f4-\u0111un n\u00e0y s\u1ebd gi\u00fap b\u1ea1n m\u1edf r\u1ed9ng kh\u1ea3 n\u0103ng ti\u1ebfp c\u1eadn cho nh\u1eefng c\u00e1 nh\u00e2n khuy\u1ebft t\u1eadt trong ch\u01b0\u01a1ng tr\u00ecnh c\u1ee7a m\u00ecnh. Ngu\u1ed3n t\u00e0i tr\u1ee3 cho d\u1ef1 \u00e1n n\u00e0y \u0111\u01b0\u1ee3c cung c\u1ea5p b\u1edfi Qu\u1ef9&#8230;<\/p>\n<div><a class=\"more-link\" href=\"https:\/\/inclusionmodules.haringcenter.org\/vi\">Continue reading <span class=\"screen-reader-text\">Ch\u00e0o m\u1eebng \u0111\u1ebfn oviws M\u00f4-\u0111un H\u00f2a nh\u1eadp c\u1ee7a Haring Center<\/span><\/a><\/div>\n","protected":false},"author":2,"featured_media":0,"parent":0,"menu_order":0,"comment_status":"closed","ping_status":"closed","template":"","meta":{"footnotes":""},"class_list":["post-2470","page","type-page","status-publish","hentry"],"_links":{"self":[{"href":"https:\/\/inclusionmodules.haringcenter.org\/vi\/wp-json\/wp\/v2\/pages\/2470","targetHints":{"allow":["GET"]}}],"collection":[{"href":"https:\/\/inclusionmodules.haringcenter.org\/vi\/wp-json\/wp\/v2\/pages"}],"about":[{"href":"https:\/\/inclusionmodules.haringcenter.org\/vi\/wp-json\/wp\/v2\/types\/page"}],"author":[{"embeddable":true,"href":"https:\/\/inclusionmodules.haringcenter.org\/vi\/wp-json\/wp\/v2\/users\/2"}],"replies":[{"embeddable":true,"href":"https:\/\/inclusionmodules.haringcenter.org\/vi\/wp-json\/wp\/v2\/comments?post=2470"}],"version-history":[{"count":2,"href":"https:\/\/inclusionmodules.haringcenter.org\/vi\/wp-json\/wp\/v2\/pages\/2470\/revisions"}],"predecessor-version":[{"id":2608,"href":"https:\/\/inclusionmodules.haringcenter.org\/vi\/wp-json\/wp\/v2\/pages\/2470\/revisions\/2608"}],"wp:attachment":[{"href":"https:\/\/inclusionmodules.haringcenter.org\/vi\/wp-json\/wp\/v2\/media?parent=2470"}],"curies":[{"name":"wp","href":"https:\/\/api.w.org\/{rel}","templated":true}]}}